{"id":4,"date":"2010-11-18T15:20:27","date_gmt":"2010-11-18T14:20:27","guid":{"rendered":"http:\/\/tipes.de\/nl-bl\/"},"modified":"2025-01-23T08:27:25","modified_gmt":"2025-01-23T07:27:25","slug":"verkoop","status":"publish","type":"page","link":"https:\/\/tipes.de\/nl-bel\/verkoop\/","title":{"rendered":"Verkoop"},"content":{"rendered":"<table border=\"0\" width=\"100%\" cellspacing=\"6\" cellpadding=\"0\">\n<tbody>\n<tr>\n<td valign=\"top\"><strong>Algeria<\/strong><br \/>\nAhmed Safi<br \/>\n544 coop. Kenza Hai Belgaid. Bir El Djir<br \/>\nDZ \u2013 31023 Oran<br \/>\nAlgeria<br \/>\nE-mail: ahmedsafi.loft@hotmail.com<\/td>\n<td valign=\"top\">Phone: +21 3560226710<\/td>\n<\/tr>\n<tr>\n<td valign=\"top\"><strong>Argentinien<\/strong><\/p>\n<p>Guillermo Fabian Concellon<\/p>\n<p>Soler 392<\/p>\n<p>RA 8000 Bahia-Blanca Provincia Bs As<br \/>\nArgentina<br \/>\nE-Mail: guillermo.concellon@gcmedical.com.ar<\/td>\n<td valign=\"top\" width=\"50%\">Phone: +54-291-4555255<\/p>\n<p>GSM: +54-291 155045055<\/td>\n<\/tr>\n<tr>\n<td valign=\"top\" width=\"50%\"><\/td>\n<td valign=\"top\" width=\"50%\"><\/td>\n<\/tr>\n<tr>\n<td valign=\"top\"><strong>Australien<\/strong><\/p>\n<p>Mrs. Bev Seedsman<\/p>\n<p>25 Newland Way<\/p>\n<p>Mawson Lake<\/p>\n<p>AU-5095 South Australia<br \/>\nAustralien<\/p>\n<p>E-Mail: rbseedsman@bigpond.com<\/td>\n<td valign=\"top\" width=\"50%\">Phone: +61-8-81824648<br \/>\nFax.: +61-8-81824644<\/td>\n<\/tr>\n<tr>\n<td valign=\"top\" width=\"50%\"><\/td>\n<td valign=\"top\" width=\"50%\"><\/td>\n<\/tr>\n<tr>\n<td valign=\"top\"><strong>Belgien<\/strong><\/p>\n<p>SoftWorld<\/p>\n<p>A. Prinsstraat 12<\/p>\n<p>B 1070 Anderlecht<br \/>\nBelgien<br \/>\nE-Mail: info@softworld.be<\/td>\n<td valign=\"top\" width=\"50%\">Phone: +32-2-5202402<\/p>\n<p>Fax.: +32-2-5243613<\/td>\n<\/tr>\n<tr>\n<td valign=\"top\" width=\"50%\"><\/td>\n<td valign=\"top\" width=\"50%\"><\/td>\n<\/tr>\n<tr>\n<td valign=\"top\"><strong>Bosnia<\/strong><br \/>\nAziz- Zisko Gusic<br \/>\nTarevacki put 46<br \/>\nBIH \u2013 74480 Modrica<br \/>\nE-Mail: ziskobih@hotmail.com<\/td>\n<td valign=\"top\"><\/td>\n<\/tr>\n<tr>\n<td valign=\"top\"><strong>Colombia<\/strong><br \/>\nPaul H. Tieck G.<br \/>\nOficina 472 Rionegro Antioquia<br \/>\nCO- 054040 Rionegro Antioquia<br \/>\nE-Mail: ptieck@une.net.co<\/td>\n<td valign=\"top\">Phone: +57 (4) 5372145<br \/>\nFax: +57 (4) 331\/6765<\/td>\n<\/tr>\n<tr>\n<td valign=\"top\"><strong>D\u00e4nemark<\/strong><\/p>\n<p>BS-Data<br \/>\nBjarne Strazsek<\/p>\n<p>Himmerlandsgade 143<br \/>\nDK 9600 Aars<\/p>\n<p>D\u00e4nemark<br \/>\nE-Mail: bjst@post2.tele.dk<\/td>\n<td valign=\"top\" width=\"50%\">Phone: +45-98623453<\/p>\n<p>Fax.: +45-98626553<\/td>\n<\/tr>\n<tr>\n<td valign=\"top\" width=\"50%\"><\/td>\n<td valign=\"top\" width=\"50%\"><\/td>\n<\/tr>\n<tr>\n<td valign=\"top\"><strong>Frankreich<\/strong><\/p>\n<p>SoftWorld<\/p>\n<p>A. Prinsstraat 12<\/p>\n<p>B 1070 Anderlecht<br \/>\nBelgien<\/p>\n<p>E-Mail: info@softworld.de<\/td>\n<td valign=\"top\" width=\"50%\">Phone: +32-2-5202402<\/p>\n<p>Fax.: +32-2-5243613<\/td>\n<\/tr>\n<tr>\n<td valign=\"top\"><\/td>\n<td valign=\"top\"><\/td>\n<\/tr>\n<tr>\n<td valign=\"top\"><strong>Irland<br \/>\n<\/strong>Keith Kernohan<br \/>\n1 Iona Gardens Ballykeel<br \/>\nGB BT42 4AU Ballymena Co. Antrim<br \/>\nE-Mail: <a href=\"mailto:keithkernohan69@gmail.com\">keithkernohan69@gmail.com<\/a><\/td>\n<td valign=\"top\">Tel. +44 7713273044<\/td>\n<\/tr>\n<tr>\n<td valign=\"top\" width=\"50%\"><\/td>\n<td valign=\"top\" width=\"50%\"><\/td>\n<\/tr>\n<tr>\n<td valign=\"top\"><strong>Italien<\/strong><\/p>\n<p>Andrea Barazzoni<\/p>\n<p>Via IV Novembre 10 A<\/p>\n<p>I 42021 Bibbiano (RE)<br \/>\nItalien<\/p>\n<p>E-Mail: info@ferrariprosciutti.it<\/td>\n<td valign=\"top\" width=\"50%\">Phone: +39-0521-861355<\/p>\n<p>Fax.: +39-0521-858208<\/td>\n<\/tr>\n<tr>\n<td valign=\"top\" width=\"50%\"><\/td>\n<td valign=\"top\" width=\"50%\"><\/td>\n<\/tr>\n<tr>\n<td valign=\"top\"><strong>Iraq<br \/>\n<\/strong>Mohaimen Mohamed Hussien El Malki<br \/>\nTeachers district<br \/>\nIRQ- 56001 Karbal<\/td>\n<td valign=\"top\">Phone: +964 07809349122<\/td>\n<\/tr>\n<tr>\n<td valign=\"top\"><strong>Kanada<\/strong><\/p>\n<p>TIPES Canada<\/p>\n<p>Joe Martire<br \/>\nImport\/Export<br \/>\n898173661RM0001<\/p>\n<p>2185 Hancock Rd.<\/p>\n<p>CA L1E 2M3 Courtice, ON<br \/>\nCanada<\/p>\n<p>E-Mail: tipes@tipescanada.com<\/p>\n<p>Internet: http:\/\/www. tipescanada.com<\/td>\n<td valign=\"top\" width=\"50%\">Phone: +1-905-434-5656<\/p>\n<p>Fax.: +1-905-434-5485<\/p>\n<p>+1-905-231-1030 Toronto Line<\/td>\n<\/tr>\n<tr>\n<td valign=\"top\" width=\"50%\"><\/td>\n<td valign=\"top\" width=\"50%\"><\/td>\n<\/tr>\n<tr>\n<td valign=\"top\"><strong>Kroatien<\/strong><\/p>\n<p>Drago Kraljevic<\/p>\n<p>F. Sisica 7<\/p>\n<p>HR 32100 Vinkovci<br \/>\nE-Mail: dkraljevic@pfos.hr<\/td>\n<td valign=\"top\" width=\"50%\">Phone: +385-32306-304<\/p>\n<p>Fax.: +385-7654170<\/td>\n<\/tr>\n<tr>\n<td valign=\"top\" width=\"50%\"><\/td>\n<td valign=\"top\" width=\"50%\"><\/td>\n<\/tr>\n<tr>\n<td valign=\"top\"><strong>Neuseeland<\/strong><\/p>\n<p>Mrs. Bev Seedsman<br \/>\n25 Newland Way<br \/>\nMawson Lake<br \/>\nAU-5095 South Australia<br \/>\nAustralien<br \/>\nE-Mail: rbseedsman@bigpond.com<\/td>\n<td valign=\"top\" width=\"50%\">Phone: +61-8-81824648<br \/>\nFax.: +61-8-81824644<\/td>\n<\/tr>\n<tr>\n<td valign=\"top\" width=\"50%\"><\/td>\n<td valign=\"top\" width=\"50%\"><\/td>\n<\/tr>\n<tr>\n<td valign=\"top\"><strong>Niederlande<\/strong><\/p>\n<p>Henk Voskamp<br \/>\nOranjelaan 31<br \/>\nNL- 7211 GW Eefde<br \/>\nNetherlands<\/p>\n<p>Mail: <a href=\"mailto:tipesnederland@kpnmail.nl\">tipesnederland@kpnmail.nl<\/a><\/td>\n<td valign=\"top\" width=\"50%\">Phone:+31 \u2013 6 \u2013 22 72 01 90<\/td>\n<\/tr>\n<tr>\n<td valign=\"top\" width=\"50%\"><\/td>\n<td valign=\"top\" width=\"50%\"><\/td>\n<\/tr>\n<tr>\n<td valign=\"top\"><strong>Oman<\/strong><br \/>\nJuma ALMayahi<br \/>\nNizwa<br \/>\nSultant of Oman<br \/>\nE-Mail: <a href=\"mailto:tipes.oman@outlook.com\">tipes.oman@outlook.com<\/a><\/td>\n<td valign=\"top\">Tel. +0096898806655 whatsup<br \/>\nTel. +0096898919199 call<\/td>\n<\/tr>\n<tr>\n<td valign=\"top\"><strong>Peru<\/strong><br \/>\nALCIS S.A. (ALCISA)<br \/>\nArq. Fernando Cisneros V.<br \/>\nAv. Los Faisanes 337, Urb. La Campi\u00f1a<br \/>\nPE-Chorrillos &#8211; Lima \/ Peru<br \/>\nE-Mail: fcisneros@alcisa.com.pe<\/td>\n<td valign=\"top\">Phone: +51 (511) 4673525<br \/>\nFax: +51 (511) 4672629<\/td>\n<\/tr>\n<tr>\n<td valign=\"top\"><strong>Polen<\/strong><\/p>\n<p>Ryszard Zaprzala<br \/>\nRokietnica 52<br \/>\nPL- 37-562 Rokietnica<br \/>\nE-Mail: ryszard.zaprzala@wp.pl<\/td>\n<td valign=\"top\" width=\"50%\">Phone: +48 505179505<\/td>\n<\/tr>\n<tr>\n<td valign=\"top\" width=\"50%\"><\/td>\n<td valign=\"top\" width=\"50%\"><\/td>\n<\/tr>\n<tr>\n<td valign=\"top\"><strong>Portugal<\/strong><\/p>\n<p>IBANIDIS, LDA<\/p>\n<p>Parque Industrial De Taveiro<br \/>\nLote 45<\/p>\n<p>P 3046-655 Taveiro (Coimbra)<\/p>\n<p>Portugal<br \/>\nE-Mail: adm.vli@net.novis.pt<\/td>\n<td valign=\"top\" width=\"50%\">Phone: +351-239-982675<\/p>\n<p>Fax.: +351-239-983452<\/td>\n<\/tr>\n<tr>\n<td valign=\"top\" width=\"50%\"><\/td>\n<td valign=\"top\" width=\"50%\"><\/td>\n<\/tr>\n<tr>\n<td valign=\"top\"><strong>Schweiz<\/strong><\/p>\n<p>ATX Suisse GmbH<\/p>\n<p>Bruno Bucher<\/p>\n<p>Herrenberg 56<\/p>\n<p>CH 6294 Ermensee<\/p>\n<p>Schweiz<\/p>\n<p>E-Mail: Info@atx-suisse.ch<\/td>\n<td valign=\"top\" width=\"50%\">Phone: +41-419174253<\/p>\n<p>Fax.: +41-419174254<\/td>\n<\/tr>\n<tr>\n<td valign=\"top\" width=\"50%\"><\/td>\n<td valign=\"top\" width=\"50%\"><\/td>\n<\/tr>\n<tr>\n<td valign=\"top\"><strong>Slowakei<\/strong><\/p>\n<p>Technoplus s.r.o.<\/p>\n<p>TIPES Service Partner<br \/>\nLubos Moravcik<\/p>\n<p>Hrabove 323<\/p>\n<p>SK 01401 Bytca<\/p>\n<p>E-Mail: office@techno-plus.sk<br \/>\nInternet: www.techno-plus.sk<\/td>\n<td valign=\"top\" width=\"50%\">Phone: +421-41-5523520<\/p>\n<p>Fax.: +421-415523521<\/td>\n<\/tr>\n<tr>\n<td valign=\"top\" width=\"50%\"><\/td>\n<td valign=\"top\" width=\"50%\"><\/td>\n<\/tr>\n<tr>\n<td valign=\"top\"><strong> Spanien<\/strong><br \/>\nMedia Fahandezh Sadi<br \/>\nBernardo Sadi<br \/>\nGran v\u00eda colom n\u00b0 205 4 b<br \/>\nE 07300 Inca \/ Mallorca<br \/>\nSpanien<br \/>\nE-Mail: bernardo_tipes@hotmail.com<\/td>\n<td valign=\"top\">Phone: +34-679192510<\/td>\n<\/tr>\n<tr>\n<td valign=\"top\">Comercial de Cereales Pontanense S.L.L<br \/>\nRafael Ruz Rodr\u00edguez<br \/>\nCtra. Aguilar, km 17`450<br \/>\nE-14500 Puente Genil &#8211; C\u00f3rdoba<br \/>\nE-Mail: <a href=\"mailto:rafael@derbycordoba.com\">rafael@derbycordoba.com<\/a><\/td>\n<td valign=\"top\">Phone: +34 686 962 454<\/td>\n<\/tr>\n<tr>\n<td valign=\"top\">Consumibles Creativos 2001 S.L<br \/>\nDep. administracion y marketing<br \/>\nC\/Francesc Teixid\u00f3 n\u00ba 14<br \/>\nE 08918 Badalona &#8211; Barcelona<br \/>\nE-Mail: <a href=\"mailto:administracion@concreat.es\">administracion@concreat.es<\/a><\/td>\n<td valign=\"top\">Tel. +34 (93) 3205995<br \/>\nFax. +34 (93) 933205546<\/td>\n<\/tr>\n<tr>\n<td valign=\"top\"><strong> Gran Canaria<\/strong><br \/>\nCompania Canaria de Cereales<br \/>\nS.L.<br \/>\nC \/ Atalaya parcela 32<br \/>\nUrb. Industrial Lomo Blanco<br \/>\n(Las Torres)<br \/>\nE 35010 Las Palmas de Gran Canaria<br \/>\nSpanien<br \/>\nE-Mail: esther@canariacereales.com<\/td>\n<td valign=\"top\">Tel. +34-928-482033<br \/>\nFax. +34-928-485121<\/td>\n<\/tr>\n<tr>\n<td valign=\"top\"><strong> Lanzarote<br \/>\n<\/strong>Agueda Perera Rodriguez<br \/>\nTinamala, 30<br \/>\nE-35500 Arrecife (Lanzarote)<br \/>\nE-Mail: <a href=\"mailto:Aguedacuore@hotmail.com\">Aguedacuore@hotmail.com<\/a><\/td>\n<td valign=\"top\">Phone: +34 (928) 814680<\/td>\n<\/tr>\n<tr>\n<td valign=\"top\"><strong>Mallorca<\/strong><\/p>\n<p>Media Fahandezh Sadi<br \/>\nBernardo<br \/>\nSadi<br \/>\nGran v\u00eda colom n\u00b0 205 4 b<\/p>\n<p>E 07300 Inca \/ Mallorca<\/p>\n<p>E-Mail: bernardo_tipes@hotmail.com<\/td>\n<td valign=\"top\" width=\"50%\">Tel. +34-679192510<\/td>\n<\/tr>\n<tr>\n<td valign=\"top\" width=\"50%\"><\/td>\n<td valign=\"top\" width=\"50%\"><\/td>\n<\/tr>\n<tr>\n<td valign=\"top\"><strong>S\u00fcdafrika<\/strong><\/p>\n<p>Chris Smith<br \/>\nHypermotors<br \/>\nChris Smith<\/p>\n<p>54 Rietfontein Road<\/p>\n<p>ZA 1459 Boksburg<br \/>\nWest<br \/>\nSouth Africa<\/p>\n<p>E-Mail: info@chrissmithlofts.co.za<\/td>\n<td valign=\"top\" width=\"50%\">Phone: +27-723682222<\/p>\n<p>Fax.: +27-0118264009<\/td>\n<\/tr>\n<tr>\n<td valign=\"top\" width=\"50%\"><\/td>\n<td valign=\"top\" width=\"50%\"><\/td>\n<\/tr>\n<tr>\n<td valign=\"top\"><strong>Taiwan<\/strong><\/p>\n<p>PIN-HWAN Trading co. LTD.<\/p>\n<p>8F No.62-5 HSI Ning North Road<br \/>\nRC 10301<br \/>\nTaipei \/ Taiwan<\/p>\n<p>Taiwan<\/p>\n<p>Internet: http:\/\/www.pinhwan.com.tw<\/td>\n<td valign=\"top\" width=\"50%\">Phone: +886-2-25521289<\/p>\n<p>Fax.: +886-2-25521130<\/td>\n<\/tr>\n<tr>\n<td valign=\"top\" width=\"50%\"><\/td>\n<td valign=\"top\" width=\"50%\"><\/td>\n<\/tr>\n<tr>\n<td valign=\"top\"><strong>Tschechien<\/strong><\/p>\n<p>ECONOMIC<br \/>\nIng.<br \/>\nStanislav Matuska<\/p>\n<p>Unicovsk\u00e1 16<\/p>\n<p>CZ 78501 Sternberk<\/p>\n<p>Tschechien<\/p>\n<p>E-Mail: matuska@ecoteam.cz<\/td>\n<td valign=\"top\" width=\"50%\">Phone: +42775995701<\/td>\n<\/tr>\n<tr>\n<td valign=\"top\" width=\"50%\"><\/td>\n<td valign=\"top\" width=\"50%\"><\/td>\n<\/tr>\n<tr>\n<td valign=\"top\" width=\"50%\">Vaclar Spilar<\/p>\n<p>Tymakov 189<\/p>\n<p>CZ 33201 Tymakov<\/p>\n<p>Tschechien<\/p>\n<p>E-Mail: v.spilar@seznam.cz<\/td>\n<td valign=\"top\" width=\"50%\"><\/td>\n<\/tr>\n<tr>\n<td valign=\"top\" width=\"50%\"><\/td>\n<td valign=\"top\" width=\"50%\"><\/td>\n<\/tr>\n<tr>\n<td valign=\"top\"><strong>T\u00fcrkei<\/strong><\/p>\n<p>Kenan G\u00fcler<br \/>\n\u00c7\u0131nar mah. 5\/4 solak no15<br \/>\nTR- 34200 Ba\u011fc\u0131lar \u2013Istanbul<br \/>\nE-Mail: g_kenan_@hotmail.com<\/td>\n<td valign=\"top\" width=\"50%\">Phone: +90 5326753762<\/td>\n<\/tr>\n<tr>\n<td valign=\"top\" width=\"50%\"><\/td>\n<td valign=\"top\" width=\"50%\"><\/td>\n<\/tr>\n<tr>\n<td valign=\"top\"><strong>Ukraine<\/strong><br \/>\nIvan Kohut<br \/>\nI. Franka Str. 12<br \/>\nUA-89600 St. Mukachevo\/Transkarpatia<br \/>\nE-Mail: fauna-ua@mail.ru<\/td>\n<td valign=\"top\">Phone: +38 0505048631<\/td>\n<\/tr>\n<tr>\n<td valign=\"top\"><strong>Ungarn<\/strong><\/p>\n<p>Record Plus Kft.<\/p>\n<p>Uwe Schiffner<br \/>\nJ\u00e1rd\u00e1nyi P\u00e1l u. 4.<\/p>\n<p>HU 6000 Kecskem\u00e9t<\/p>\n<p>Ungarn<\/p>\n<p>E-Mail: rp.uwe@t-online.hu<\/td>\n<td valign=\"top\" width=\"50%\">Phone: +36-76500220<\/p>\n<p>Fax: +36-76500229<\/td>\n<\/tr>\n<tr>\n<td valign=\"top\" width=\"50%\"><\/td>\n<td valign=\"top\" width=\"50%\"><\/td>\n<\/tr>\n<tr>\n<td valign=\"top\"><strong>United Kingdom<\/strong><\/p>\n<p>Keith Kernohan<br \/>\n1 Iona Gardens Ballykeel<br \/>\nGB BT42 4AU Ballymena Co. Antrim<br \/>\nE-Mail: <a href=\"mailto:keithkernohan69@gmail.com\">keithkernohan69@gmail.com<\/a><\/td>\n<td valign=\"top\" width=\"50%\">Tel. +44 7713273044<\/td>\n<\/tr>\n<tr>\n<td valign=\"top\"><\/td>\n<td valign=\"top\"><\/td>\n<\/tr>\n<tr>\n<td valign=\"top\"><\/td>\n<td valign=\"top\"><\/td>\n<\/tr>\n<tr>\n<td valign=\"top\"><strong>USA<\/strong><\/p>\n<p>Tim Perry<\/p>\n<p>22682 Williams Ave.<br \/>\nUS 95324 Hilmar \/<br \/>\nCA<\/p>\n<p>USA<\/p>\n<p>E-Mail: tipesusa@aol.com<\/p>\n<p>Internet: http:\/\/www.tipesusa.com<\/td>\n<td valign=\"top\" width=\"50%\">Phone: +1-209-6329300<\/p>\n<p>Fax: +1-209-6674148<\/p>\n<p>Mobile: +1-209-3219898<\/td>\n<\/tr>\n<\/tbody>\n<\/table>\n","protected":false},"excerpt":{"rendered":"<p>Algeria Ahmed Safi 544 coop. Kenza Hai Belgaid. Bir El Djir DZ \u2013 31023 Oran Algeria E-mail: ahmedsafi.loft@hotmail.com Phone: +21 3560226710 Argentinien Guillermo Fabian Concellon Soler 392 RA 8000 Bahia-Blanca Provincia Bs As Argentina E-Mail: guillermo.concellon@gcmedical.com.ar Phone: +54-291-4555255 GSM: +54-291 155045055 Australien Mrs. Bev Seedsman 25 Newland Way Mawson Lake AU-5095 South Australia Australien E-Mail: [&hellip;]<\/p>\n","protected":false},"author":2,"featured_media":0,"parent":0,"menu_order":2,"comment_status":"open","ping_status":"open","template":"haendler_int.php","meta":{"footnotes":""},"class_list":["post-4","page","type-page","status-publish","hentry"],"_links":{"self":[{"href":"https:\/\/tipes.de\/nl-bel\/wp-json\/wp\/v2\/pages\/4","targetHints":{"allow":["GET"]}}],"collection":[{"href":"https:\/\/tipes.de\/nl-bel\/wp-json\/wp\/v2\/pages"}],"about":[{"href":"https:\/\/tipes.de\/nl-bel\/wp-json\/wp\/v2\/types\/page"}],"author":[{"embeddable":true,"href":"https:\/\/tipes.de\/nl-bel\/wp-json\/wp\/v2\/users\/2"}],"replies":[{"embeddable":true,"href":"https:\/\/tipes.de\/nl-bel\/wp-json\/wp\/v2\/comments?post=4"}],"version-history":[{"count":18,"href":"https:\/\/tipes.de\/nl-bel\/wp-json\/wp\/v2\/pages\/4\/revisions"}],"predecessor-version":[{"id":530,"href":"https:\/\/tipes.de\/nl-bel\/wp-json\/wp\/v2\/pages\/4\/revisions\/530"}],"wp:attachment":[{"href":"https:\/\/tipes.de\/nl-bel\/wp-json\/wp\/v2\/media?parent=4"}],"curies":[{"name":"wp","href":"https:\/\/api.w.org\/{rel}","templated":true}]}}